{"id":5108,"date":"2025-10-24T17:47:42","date_gmt":"2025-10-24T17:47:42","guid":{"rendered":"https:\/\/technikmarkt-aschaffenburgtma.com\/it-service\/?post_type=product&#038;p=5108"},"modified":"2025-12-10T19:43:05","modified_gmt":"2025-12-10T19:43:05","slug":"ecoomerce-website-10-15-pages","status":"publish","type":"product","link":"https:\/\/schultedigital.shop\/de\/produkt\/ecoomerce-website-10-15-pages\/","title":{"rendered":"E-Commerce-Website (10 - 15 Seiten)"},"content":{"rendered":"<p data-start=\"638\" data-end=\"947\">Starten Sie Ihre professionelle Online-Pr\u00e4senz mit unserem <strong data-start=\"688\" data-end=\"718\">Premium-Webdesign-Paket<\/strong> - die perfekte L\u00f6sung f\u00fcr Unternehmen, die eine vollst\u00e4ndige, ma\u00dfgeschneiderte und sofort verwaltbare Website w\u00fcnschen.<br data-start=\"819\" data-end=\"822\" \/>Wir k\u00fcmmern uns um alles: Hosting, Domain, Design, Schreiben von Inhalten und Optimierung - damit Sie sich auf Ihr Gesch\u00e4ft konzentrieren k\u00f6nnen.<\/p>\n<p data-start=\"952\" data-end=\"972\"><strong data-start=\"952\" data-end=\"972\">Was enthalten ist:<\/strong><\/p>\n<ul data-start=\"975\" data-end=\"2451\">\n<li data-start=\"975\" data-end=\"1073\">\n<p data-start=\"977\" data-end=\"1073\">\u2705 <strong data-start=\"979\" data-end=\"1016\">Professionelles Webhosting inklusive<\/strong> - Zuverl\u00e4ssiges und leistungsstarkes Hosting f\u00fcr Ihre Website.<\/p>\n<\/li>\n<li data-start=\"1076\" data-end=\"1174\">\n<p data-start=\"1078\" data-end=\"1174\">\ud83c\udf10 <strong data-start=\"1081\" data-end=\"1105\">Dom\u00e4nenname inklusive<\/strong> (.com, .net, oder .org) - W\u00e4hlen Sie die Erweiterung, die zu Ihrer Marke passt.<\/p>\n<\/li>\n<li data-start=\"1177\" data-end=\"1267\">\n<p data-start=\"1179\" data-end=\"1267\">\ud83d\udcc4 <strong data-start=\"1182\" data-end=\"1212\">Bis zu 10 Seiten oder Abschnitte<\/strong> - Pr\u00e4sentieren Sie Ihr Unternehmen, Ihre Dienstleistungen, Ihren Kontakt und mehr.<\/p>\n<\/li>\n<li data-start=\"1270\" data-end=\"1366\">\n<p data-start=\"1272\" data-end=\"1366\">\ud83d\udce7 <strong data-start=\"1275\" data-end=\"1306\">30 E-Mail-Konten f\u00fcr Unternehmen<\/strong> - St\u00e4rken Sie Ihr professionelles Image mit gebrandeten E-Mails.<\/p>\n<\/li>\n<li data-start=\"1369\" data-end=\"1455\">\n<p data-start=\"1371\" data-end=\"1455\">\ud83d\udda5\ufe0f <strong data-start=\"1375\" data-end=\"1402\">Selbstverwaltbare Website<\/strong> - Bearbeiten Sie den Inhalt und die Seiten Ihrer Website jederzeit ganz einfach.<\/p>\n<\/li>\n<li data-start=\"1458\" data-end=\"1545\">\n<p data-start=\"1460\" data-end=\"1545\">\ud83d\udd12 <strong data-start=\"1463\" data-end=\"1491\">Inklusive SSL-Zertifikat<\/strong> - Sichern Sie Ihre Website und schaffen Sie Vertrauen bei Ihren Besuchern.<\/p>\n<\/li>\n<li data-start=\"1548\" data-end=\"1644\">\n<p data-start=\"1550\" data-end=\"1644\">\ud83c\udfa8 <strong data-start=\"1553\" data-end=\"1584\">Individuelles Logo-Design f\u00fcr Unternehmen<\/strong> - Professionelle Logoerstellung f\u00fcr eine starke Markenidentit\u00e4t.<\/p>\n<\/li>\n<li data-start=\"1647\" data-end=\"1736\">\n<p data-start=\"1649\" data-end=\"1736\">\ud83d\udcf1 <strong data-start=\"1652\" data-end=\"1673\">Reaktionsf\u00e4higes Design<\/strong> - Perfekt angepasst f\u00fcr Mobil-, Tablet- und Desktop-Ger\u00e4te.<\/p>\n<\/li>\n<li data-start=\"1739\" data-end=\"1817\">\n<p data-start=\"1741\" data-end=\"1817\">\ud83d\udcf0 <strong data-start=\"1744\" data-end=\"1770\">1 Blog oder Nachrichtenbereich<\/strong> - Teilen Sie Updates, Artikel und Unternehmensnachrichten.<\/p>\n<\/li>\n<li data-start=\"1820\" data-end=\"1894\">\n<p data-start=\"1822\" data-end=\"1894\">\ud83d\udcac <strong data-start=\"1825\" data-end=\"1852\">WhatsApp-Kontakt-Taste<\/strong> - Ihre Kunden k\u00f6nnen Sie sofort erreichen.<\/p>\n<\/li>\n<li data-start=\"1897\" data-end=\"1985\">\n<p data-start=\"1899\" data-end=\"1985\">\u270d\ufe0f <strong data-start=\"1902\" data-end=\"1934\">Professionelles Schreiben von Inhalten<\/strong> - Ansprechende und SEO-freundliche Texte f\u00fcr Ihre Seiten.<\/p>\n<\/li>\n<li data-start=\"1988\" data-end=\"2083\">\n<p data-start=\"1990\" data-end=\"2083\">\ud83d\udccd <strong data-start=\"1993\" data-end=\"2028\">Registrierung bei Google My Business<\/strong> - Erscheinen Sie auf Google Maps und verbessern Sie Ihre Sichtbarkeit.<\/p>\n<\/li>\n<li data-start=\"2086\" data-end=\"2178\">\n<p data-start=\"2088\" data-end=\"2178\">\ud83d\ude80 <strong data-start=\"2091\" data-end=\"2127\">Suchmaschinenoptimierung (SEO)<\/strong> - Optimierte Struktur f\u00fcr besseres Google-Ranking.<\/p>\n<\/li>\n<li data-start=\"2181\" data-end=\"2265\">\n<p data-start=\"2183\" data-end=\"2265\">\ud83d\udd52 <strong data-start=\"2186\" data-end=\"2223\">Lieferung in ca. 3 Wochen<\/strong> - Kurze Bearbeitungszeiten bei h\u00f6chster Qualit\u00e4t.<\/p>\n<\/li>\n<li data-start=\"2268\" data-end=\"2365\">\n<p data-start=\"2270\" data-end=\"2365\">\ud83c\udf93 <strong data-start=\"2273\" data-end=\"2316\">Inklusive Benutzerhandbuch und Videotutorial<\/strong> - Lernen Sie, wie Sie Ihre Website einfach aktualisieren und verwalten k\u00f6nnen.<\/p>\n<\/li>\n<li data-start=\"2368\" data-end=\"2449\">\n<p data-start=\"2370\" data-end=\"2449\">\ud83d\udca1 <strong data-start=\"2373\" data-end=\"2402\">24\/7 technische Unterst\u00fctzung<\/strong> - Unser Team ist immer f\u00fcr Sie da.<\/p>\n<\/li>\n<\/ul>\n<p data-start=\"2454\" data-end=\"2688\">Erhalten Sie eine <strong data-start=\"2460\" data-end=\"2510\">moderne, reaktionsschnelle und ergebnisorientierte Website<\/strong> erstellt, um Ihr Unternehmen optimal zu repr\u00e4sentieren. Perfekt f\u00fcr Unternehmen, Unternehmer und Freiberufler, die eine komplette digitale Pr\u00e4senz suchen - vom Design bis zur Google-Sichtbarkeit.<\/p>","protected":false},"excerpt":{"rendered":"<p>Komplettes professionelles Webdesign-Paket mit Hosting, Domain, Gesch\u00e4fts-E-Mails, Logo-Design, Blog-Einrichtung und vollst\u00e4ndiger SEO-Optimierung. Erhalten Sie eine individuelle, mobilfreundliche Website in nur 3 Wochen - mit 24\/7-Support und einfacher Selbstverwaltung.<\/p>","protected":false},"featured_media":5338,"comment_status":"open","ping_status":"closed","template":"","meta":{"_uag_custom_page_level_css":"","site-sidebar-layout":"default","site-content-layout":"","ast-site-content-layout":"default","site-content-style":"default","site-sidebar-style":"default","ast-global-header-display":"","ast-banner-title-visibility":"","ast-main-header-display":"","ast-hfb-above-header-display":"","ast-hfb-below-header-display":"","ast-hfb-mobile-header-display":"","site-post-title":"","ast-breadcrumbs-content":"","ast-featured-img":"","footer-sml-layout":"","ast-disable-related-posts":"","theme-transparent-header-meta":"default","adv-header-id-meta":"","stick-header-meta":"","header-above-stick-meta":"","header-main-stick-meta":"","header-below-stick-meta":"","astra-migrate-meta-layouts":"set","ast-page-background-enabled":"default","ast-page-background-meta":{"desktop":{"background-color":"","background-image":"","background-repeat":"repeat","background-position":"center center","background-size":"auto","background-attachment":"scroll","background-type":"","background-media":"","overlay-type":"","overlay-color":"","overlay-opacity":"","overlay-gradient":""},"tablet":{"background-color":"","background-image":"","background-repeat":"repeat","background-position":"center center","background-size":"auto","background-attachment":"scroll","background-type":"","background-media":"","overlay-type":"","overlay-color":"","overlay-opacity":"","overlay-gradient":""},"mobile":{"background-color":"","background-image":"","background-repeat":"repeat","background-position":"center center","background-size":"auto","background-attachment":"scroll","background-type":"","background-media":"","overlay-type":"","overlay-color":"","overlay-opacity":"","overlay-gradient":""}},"ast-content-background-meta":{"desktop":{"background-color":"var(--ast-global-color-5)","background-image":"","background-repeat":"repeat","background-position":"center center","background-size":"auto","background-attachment":"scroll","background-type":"","background-media":"","overlay-type":"","overlay-color":"","overlay-opacity":"","overlay-gradient":""},"tablet":{"background-color":"var(--ast-global-color-5)","background-image":"","background-repeat":"repeat","background-position":"center center","background-size":"auto","background-attachment":"scroll","background-type":"","background-media":"","overlay-type":"","overlay-color":"","overlay-opacity":"","overlay-gradient":""},"mobile":{"background-color":"var(--ast-global-color-5)","background-image":"","background-repeat":"repeat","background-position":"center center","background-size":"auto","background-attachment":"scroll","background-type":"","background-media":"","overlay-type":"","overlay-color":"","overlay-opacity":"","overlay-gradient":""}}},"product_brand":[],"product_cat":[18],"product_tag":[],"class_list":{"0":"post-5108","1":"product","2":"type-product","3":"status-publish","4":"has-post-thumbnail","6":"product_cat-websites","7":"desktop-align-left","8":"tablet-align-left","9":"mobile-align-left","11":"first","12":"instock","13":"taxable","14":"shipping-taxable","15":"purchasable","16":"product-type-simple"},"uagb_featured_image_src":{"full":["https:\/\/schultedigital.shop\/wp-content\/uploads\/2025\/10\/wireframing-and-prototyping-service-in-bangladesh.webp",800,500,false],"thumbnail":["https:\/\/schultedigital.shop\/wp-content\/uploads\/2025\/10\/wireframing-and-prototyping-service-in-bangladesh-150x150.webp",150,150,true],"medium":["https:\/\/schultedigital.shop\/wp-content\/uploads\/2025\/10\/wireframing-and-prototyping-service-in-bangladesh-300x188.webp",300,188,true],"medium_large":["https:\/\/schultedigital.shop\/wp-content\/uploads\/2025\/10\/wireframing-and-prototyping-service-in-bangladesh-768x480.webp",768,480,true],"large":["https:\/\/schultedigital.shop\/wp-content\/uploads\/2025\/10\/wireframing-and-prototyping-service-in-bangladesh.webp",800,500,false],"1536x1536":["https:\/\/schultedigital.shop\/wp-content\/uploads\/2025\/10\/wireframing-and-prototyping-service-in-bangladesh.webp",800,500,false],"2048x2048":["https:\/\/schultedigital.shop\/wp-content\/uploads\/2025\/10\/wireframing-and-prototyping-service-in-bangladesh.webp",800,500,false],"trp-custom-language-flag":["https:\/\/schultedigital.shop\/wp-content\/uploads\/2025\/10\/wireframing-and-prototyping-service-in-bangladesh.webp",18,12,false],"woocommerce_thumbnail":["https:\/\/schultedigital.shop\/wp-content\/uploads\/2025\/10\/wireframing-and-prototyping-service-in-bangladesh-400x250.webp",400,250,true],"woocommerce_single":["https:\/\/schultedigital.shop\/wp-content\/uploads\/2025\/10\/wireframing-and-prototyping-service-in-bangladesh-600x375.webp",600,375,true],"woocommerce_gallery_thumbnail":["https:\/\/schultedigital.shop\/wp-content\/uploads\/2025\/10\/wireframing-and-prototyping-service-in-bangladesh-100x100.webp",100,100,true]},"uagb_author_info":{"display_name":"","author_link":"https:\/\/schultedigital.shop\/de\/author\/"},"uagb_comment_info":0,"uagb_excerpt":"Complete professional web design package with hosting, domain, business emails, logo design, blog setup, and full SEO optimization. Get a custom, mobile-friendly website delivered in just 3 weeks \u2014 with 24\/7 support and easy self-management.","_links":{"self":[{"href":"https:\/\/schultedigital.shop\/de\/wp-json\/wp\/v2\/product\/5108","targetHints":{"allow":["GET"]}}],"collection":[{"href":"https:\/\/schultedigital.shop\/de\/wp-json\/wp\/v2\/product"}],"about":[{"href":"https:\/\/schultedigital.shop\/de\/wp-json\/wp\/v2\/types\/product"}],"replies":[{"embeddable":true,"href":"https:\/\/schultedigital.shop\/de\/wp-json\/wp\/v2\/comments?post=5108"}],"wp:featuredmedia":[{"embeddable":true,"href":"https:\/\/schultedigital.shop\/de\/wp-json\/wp\/v2\/media\/5338"}],"wp:attachment":[{"href":"https:\/\/schultedigital.shop\/de\/wp-json\/wp\/v2\/media?parent=5108"}],"wp:term":[{"taxonomy":"product_brand","embeddable":true,"href":"https:\/\/schultedigital.shop\/de\/wp-json\/wp\/v2\/product_brand?post=5108"},{"taxonomy":"product_cat","embeddable":true,"href":"https:\/\/schultedigital.shop\/de\/wp-json\/wp\/v2\/product_cat?post=5108"},{"taxonomy":"product_tag","embeddable":true,"href":"https:\/\/schultedigital.shop\/de\/wp-json\/wp\/v2\/product_tag?post=5108"}],"curies":[{"name":"wp","href":"https:\/\/api.w.org\/{rel}","templated":true}]}}