{"id":5171,"date":"2025-10-24T18:53:49","date_gmt":"2025-10-24T18:53:49","guid":{"rendered":"https:\/\/technikmarkt-aschaffenburgtma.com\/it-service\/?post_type=product&#038;p=5171"},"modified":"2025-12-10T19:45:14","modified_gmt":"2025-12-10T19:45:14","slug":"plugin-development-for-wordpress","status":"publish","type":"product","link":"https:\/\/schultedigital.shop\/de\/produkt\/plugin-development-for-wordpress\/","title":{"rendered":"Plugin-Entwicklung f\u00fcr WordPress"},"content":{"rendered":"<p data-start=\"286\" data-end=\"598\">Wir entwickeln benutzerdefinierte WordPress-Plugins, um die Benutzerfreundlichkeit und die Funktionalit\u00e4t Ihrer Website zu verbessern. Egal, ob Sie die Integration von Drittanbietern, Prozessautomatisierung oder neue Funktionen ben\u00f6tigen, unser Team liefert sichere, effiziente und vollst\u00e4ndig kompatible L\u00f6sungen f\u00fcr Ihre WordPress-Website.<\/p>","protected":false},"excerpt":{"rendered":"<p data-start=\"148\" data-end=\"284\">Wir erstellen ma\u00dfgeschneiderte WordPress-Plugins, die die Funktionalit\u00e4t Ihrer Website erweitern und auf Ihre spezifischen Bed\u00fcrfnisse zugeschnitten sind.<\/p>","protected":false},"featured_media":5109,"comment_status":"open","ping_status":"closed","template":"","meta":{"_uag_custom_page_level_css":"","site-sidebar-layout":"default","site-content-layout":"","ast-site-content-layout":"default","site-content-style":"default","site-sidebar-style":"default","ast-global-header-display":"","ast-banner-title-visibility":"","ast-main-header-display":"","ast-hfb-above-header-display":"","ast-hfb-below-header-display":"","ast-hfb-mobile-header-display":"","site-post-title":"","ast-breadcrumbs-content":"","ast-featured-img":"","footer-sml-layout":"","ast-disable-related-posts":"","theme-transparent-header-meta":"default","adv-header-id-meta":"","stick-header-meta":"","header-above-stick-meta":"","header-main-stick-meta":"","header-below-stick-meta":"","astra-migrate-meta-layouts":"set","ast-page-background-enabled":"default","ast-page-background-meta":{"desktop":{"background-color":"","background-image":"","background-repeat":"repeat","background-position":"center center","background-size":"auto","background-attachment":"scroll","background-type":"","background-media":"","overlay-type":"","overlay-color":"","overlay-opacity":"","overlay-gradient":""},"tablet":{"background-color":"","background-image":"","background-repeat":"repeat","background-position":"center center","background-size":"auto","background-attachment":"scroll","background-type":"","background-media":"","overlay-type":"","overlay-color":"","overlay-opacity":"","overlay-gradient":""},"mobile":{"background-color":"","background-image":"","background-repeat":"repeat","background-position":"center center","background-size":"auto","background-attachment":"scroll","background-type":"","background-media":"","overlay-type":"","overlay-color":"","overlay-opacity":"","overlay-gradient":""}},"ast-content-background-meta":{"desktop":{"background-color":"var(--ast-global-color-5)","background-image":"","background-repeat":"repeat","background-position":"center center","background-size":"auto","background-attachment":"scroll","background-type":"","background-media":"","overlay-type":"","overlay-color":"","overlay-opacity":"","overlay-gradient":""},"tablet":{"background-color":"var(--ast-global-color-5)","background-image":"","background-repeat":"repeat","background-position":"center center","background-size":"auto","background-attachment":"scroll","background-type":"","background-media":"","overlay-type":"","overlay-color":"","overlay-opacity":"","overlay-gradient":""},"mobile":{"background-color":"var(--ast-global-color-5)","background-image":"","background-repeat":"repeat","background-position":"center center","background-size":"auto","background-attachment":"scroll","background-type":"","background-media":"","overlay-type":"","overlay-color":"","overlay-opacity":"","overlay-gradient":""}}},"product_brand":[],"product_cat":[47],"product_tag":[],"class_list":{"0":"post-5171","1":"product","2":"type-product","3":"status-publish","4":"has-post-thumbnail","6":"product_cat-custom-development","7":"desktop-align-left","8":"tablet-align-left","9":"mobile-align-left","11":"first","12":"instock","13":"sale","14":"virtual","15":"taxable","16":"purchasable","17":"product-type-simple"},"uagb_featured_image_src":{"full":["https:\/\/schultedigital.shop\/wp-content\/uploads\/2025\/10\/joven-usando-un-cupon-de-descuento-en-su-telefono-inteligente-para-hacer-compras-en-linea-en-la-computadora-portatil-min.jpg",1400,934,false],"thumbnail":["https:\/\/schultedigital.shop\/wp-content\/uploads\/2025\/10\/joven-usando-un-cupon-de-descuento-en-su-telefono-inteligente-para-hacer-compras-en-linea-en-la-computadora-portatil-min-150x150.jpg",150,150,true],"medium":["https:\/\/schultedigital.shop\/wp-content\/uploads\/2025\/10\/joven-usando-un-cupon-de-descuento-en-su-telefono-inteligente-para-hacer-compras-en-linea-en-la-computadora-portatil-min-300x200.jpg",300,200,true],"medium_large":["https:\/\/schultedigital.shop\/wp-content\/uploads\/2025\/10\/joven-usando-un-cupon-de-descuento-en-su-telefono-inteligente-para-hacer-compras-en-linea-en-la-computadora-portatil-min-768x512.jpg",768,512,true],"large":["https:\/\/schultedigital.shop\/wp-content\/uploads\/2025\/10\/joven-usando-un-cupon-de-descuento-en-su-telefono-inteligente-para-hacer-compras-en-linea-en-la-computadora-portatil-min-1024x683.jpg",1024,683,true],"1536x1536":["https:\/\/schultedigital.shop\/wp-content\/uploads\/2025\/10\/joven-usando-un-cupon-de-descuento-en-su-telefono-inteligente-para-hacer-compras-en-linea-en-la-computadora-portatil-min.jpg",1400,934,false],"2048x2048":["https:\/\/schultedigital.shop\/wp-content\/uploads\/2025\/10\/joven-usando-un-cupon-de-descuento-en-su-telefono-inteligente-para-hacer-compras-en-linea-en-la-computadora-portatil-min.jpg",1400,934,false],"trp-custom-language-flag":["https:\/\/schultedigital.shop\/wp-content\/uploads\/2025\/10\/joven-usando-un-cupon-de-descuento-en-su-telefono-inteligente-para-hacer-compras-en-linea-en-la-computadora-portatil-min.jpg",18,12,false],"woocommerce_thumbnail":["https:\/\/schultedigital.shop\/wp-content\/uploads\/2025\/10\/joven-usando-un-cupon-de-descuento-en-su-telefono-inteligente-para-hacer-compras-en-linea-en-la-computadora-portatil-min-400x267.jpg",400,267,true],"woocommerce_single":["https:\/\/schultedigital.shop\/wp-content\/uploads\/2025\/10\/joven-usando-un-cupon-de-descuento-en-su-telefono-inteligente-para-hacer-compras-en-linea-en-la-computadora-portatil-min-600x400.jpg",600,400,true],"woocommerce_gallery_thumbnail":["https:\/\/schultedigital.shop\/wp-content\/uploads\/2025\/10\/joven-usando-un-cupon-de-descuento-en-su-telefono-inteligente-para-hacer-compras-en-linea-en-la-computadora-portatil-min-100x100.jpg",100,100,true]},"uagb_author_info":{"display_name":"","author_link":"https:\/\/schultedigital.shop\/de\/author\/"},"uagb_comment_info":0,"uagb_excerpt":"We create custom WordPress plugins that expand your website\u2019s functionality, tailored to your specific needs.","_links":{"self":[{"href":"https:\/\/schultedigital.shop\/de\/wp-json\/wp\/v2\/product\/5171","targetHints":{"allow":["GET"]}}],"collection":[{"href":"https:\/\/schultedigital.shop\/de\/wp-json\/wp\/v2\/product"}],"about":[{"href":"https:\/\/schultedigital.shop\/de\/wp-json\/wp\/v2\/types\/product"}],"replies":[{"embeddable":true,"href":"https:\/\/schultedigital.shop\/de\/wp-json\/wp\/v2\/comments?post=5171"}],"wp:featuredmedia":[{"embeddable":true,"href":"https:\/\/schultedigital.shop\/de\/wp-json\/wp\/v2\/media\/5109"}],"wp:attachment":[{"href":"https:\/\/schultedigital.shop\/de\/wp-json\/wp\/v2\/media?parent=5171"}],"wp:term":[{"taxonomy":"product_brand","embeddable":true,"href":"https:\/\/schultedigital.shop\/de\/wp-json\/wp\/v2\/product_brand?post=5171"},{"taxonomy":"product_cat","embeddable":true,"href":"https:\/\/schultedigital.shop\/de\/wp-json\/wp\/v2\/product_cat?post=5171"},{"taxonomy":"product_tag","embeddable":true,"href":"https:\/\/schultedigital.shop\/de\/wp-json\/wp\/v2\/product_tag?post=5171"}],"curies":[{"name":"wp","href":"https:\/\/api.w.org\/{rel}","templated":true}]}}